{"id":77,"date":"2025-04-24T01:58:46","date_gmt":"2025-04-23T23:58:46","guid":{"rendered":"http:\/\/rzeczoznawca-twardowski.pl\/?page_id=77"},"modified":"2025-04-28T01:34:47","modified_gmt":"2025-04-27T23:34:47","slug":"doradztwo-zakupowe","status":"publish","type":"page","link":"https:\/\/rzeczoznawca-twardowski.pl\/?page_id=77","title":{"rendered":"Sprawdzenie samochodu przed zakupem"},"content":{"rendered":"\n<p>Oferuj\u0119 pomoc w zakupie u\u017cywanego albo nowego samochodu oraz jego dok\u0142adne sprawdzenie przed zakupem przez niezale\u017cnego licencjonowanego Rzeczoznawc\u0119 Samochodowego.<\/p>\n\n\n\n<p>Zakres sprawdzenia ustalany jest indywidualnie z klientem.&nbsp; Je\u017celi ogl\u0119dziny odbywaj\u0105 si\u0119 bez udzia\u0142u klienta, po ich wykonaniu przesy\u0142ana jest ca\u0142a dokumentacja zdj\u0119ciowa i techniczna, wraz z opisem stanu technicznego pojazdu.<\/p>\n\n\n\n<p><strong>Sprawdzenie zakupowe obejmuje:<\/strong><\/p>\n\n\n\n<ul class=\"wp-block-list\">\n<li>identyfikacj\u0119 pojazdu\u00a0<\/li>\n\n\n\n<li>dok\u0142adne ogl\u0119dziny pojazdu<\/li>\n\n\n\n<li>sprawdzenie poprawno\u015bci dokumentacji pojazdu<\/li>\n\n\n\n<li>okre\u015blenie stanu technicznego pojazdu, z wykorzystaniem urz\u0105dze\u0144 ze stacji kontroli pojazd\u00f3w lub warsztatu samochodowego<\/li>\n\n\n\n<li>badanie grubo\u015bci pow\u0142oki lakierowej<\/li>\n\n\n\n<li>sprawdzenie historii wypadkowo\u015bci pojazdu oraz wcze\u015bniejszej historii serwisowej, a tak\u017ce przebiegu pojazdu<\/li>\n\n\n\n<li>sprawno\u015b\u0107 element\u00f3w wyposa\u017cenia<\/li>\n<\/ul>\n","protected":false},"excerpt":{"rendered":"<p>Oferuj\u0119 pomoc w zakupie u\u017cywanego albo nowego samochodu oraz jego dok\u0142adne sprawdzenie przed zakupem przez niezale\u017cnego licencjonowanego Rzeczoznawc\u0119 Samochodowego. Zakres sprawdzenia ustalany jest indywidualnie z klientem.&nbsp; Je\u017celi ogl\u0119dziny odbywaj\u0105 si\u0119 bez udzia\u0142u klienta, po ich wykonaniu przesy\u0142ana jest ca\u0142a dokumentacja zdj\u0119ciowa i techniczna, wraz z opisem stanu technicznego pojazdu. Sprawdzenie zakupowe obejmuje:<\/p>\n","protected":false},"author":1,"featured_media":0,"parent":0,"menu_order":0,"comment_status":"closed","ping_status":"closed","template":"","meta":{"footnotes":""},"class_list":["post-77","page","type-page","status-publish","hentry"],"yoast_head":"<!-- This site is optimized with the Yoast SEO plugin v24.9 - https:\/\/yoast.com\/wordpress\/plugins\/seo\/ -->\n<title>Sprawdzenie samochodu przed zakupem - CERTYFIKOWANY RZECZOZNAWCA SAMOCHODOWY<\/title>\n<meta name=\"robots\" content=\"index, follow, max-snippet:-1, max-image-preview:large, max-video-preview:-1\" \/>\n<link rel=\"canonical\" href=\"https:\/\/rzeczoznawca-twardowski.pl\/?page_id=77\" \/>\n<meta property=\"og:locale\" content=\"pl_PL\" \/>\n<meta property=\"og:type\" content=\"article\" \/>\n<meta property=\"og:title\" content=\"Sprawdzenie samochodu przed zakupem - CERTYFIKOWANY RZECZOZNAWCA SAMOCHODOWY\" \/>\n<meta property=\"og:description\" content=\"Oferuj\u0119 pomoc w zakupie u\u017cywanego albo nowego samochodu oraz jego dok\u0142adne sprawdzenie przed zakupem przez niezale\u017cnego licencjonowanego Rzeczoznawc\u0119 Samochodowego. Zakres sprawdzenia ustalany jest indywidualnie z klientem.&nbsp; Je\u017celi ogl\u0119dziny odbywaj\u0105 si\u0119 bez udzia\u0142u klienta, po ich wykonaniu przesy\u0142ana jest ca\u0142a dokumentacja zdj\u0119ciowa i techniczna, wraz z opisem stanu technicznego pojazdu. Sprawdzenie zakupowe obejmuje:\" \/>\n<meta property=\"og:url\" content=\"https:\/\/rzeczoznawca-twardowski.pl\/?page_id=77\" \/>\n<meta property=\"og:site_name\" content=\"CERTYFIKOWANY RZECZOZNAWCA SAMOCHODOWY\" \/>\n<meta property=\"article:modified_time\" content=\"2025-04-27T23:34:47+00:00\" \/>\n<meta name=\"twitter:card\" content=\"summary_large_image\" \/>\n<meta name=\"twitter:label1\" content=\"Szacowany czas czytania\" \/>\n\t<meta name=\"twitter:data1\" content=\"1 minuta\" \/>\n<script type=\"application\/ld+json\" class=\"yoast-schema-graph\">{\"@context\":\"https:\/\/schema.org\",\"@graph\":[{\"@type\":\"WebPage\",\"@id\":\"https:\/\/rzeczoznawca-twardowski.pl\/?page_id=77\",\"url\":\"https:\/\/rzeczoznawca-twardowski.pl\/?page_id=77\",\"name\":\"Sprawdzenie samochodu przed zakupem - CERTYFIKOWANY RZECZOZNAWCA SAMOCHODOWY\",\"isPartOf\":{\"@id\":\"https:\/\/rzeczoznawca-twardowski.pl\/#website\"},\"datePublished\":\"2025-04-23T23:58:46+00:00\",\"dateModified\":\"2025-04-27T23:34:47+00:00\",\"breadcrumb\":{\"@id\":\"https:\/\/rzeczoznawca-twardowski.pl\/?page_id=77#breadcrumb\"},\"inLanguage\":\"pl-PL\",\"potentialAction\":[{\"@type\":\"ReadAction\",\"target\":[\"https:\/\/rzeczoznawca-twardowski.pl\/?page_id=77\"]}]},{\"@type\":\"BreadcrumbList\",\"@id\":\"https:\/\/rzeczoznawca-twardowski.pl\/?page_id=77#breadcrumb\",\"itemListElement\":[{\"@type\":\"ListItem\",\"position\":1,\"name\":\"Home\",\"item\":\"https:\/\/rzeczoznawca-twardowski.pl\/\"},{\"@type\":\"ListItem\",\"position\":2,\"name\":\"Sprawdzenie samochodu przed zakupem\"}]},{\"@type\":\"WebSite\",\"@id\":\"https:\/\/rzeczoznawca-twardowski.pl\/#website\",\"url\":\"https:\/\/rzeczoznawca-twardowski.pl\/\",\"name\":\"Waldemar Twardowski\",\"description\":\"Waldemar Twardowski\",\"publisher\":{\"@id\":\"https:\/\/rzeczoznawca-twardowski.pl\/#organization\"},\"potentialAction\":[{\"@type\":\"SearchAction\",\"target\":{\"@type\":\"EntryPoint\",\"urlTemplate\":\"https:\/\/rzeczoznawca-twardowski.pl\/?s={search_term_string}\"},\"query-input\":{\"@type\":\"PropertyValueSpecification\",\"valueRequired\":true,\"valueName\":\"search_term_string\"}}],\"inLanguage\":\"pl-PL\"},{\"@type\":\"Organization\",\"@id\":\"https:\/\/rzeczoznawca-twardowski.pl\/#organization\",\"name\":\"CERTYFIKOWANY RZECZOZNAWCA SAMOCHODOWY\",\"url\":\"https:\/\/rzeczoznawca-twardowski.pl\/\",\"logo\":{\"@type\":\"ImageObject\",\"inLanguage\":\"pl-PL\",\"@id\":\"https:\/\/rzeczoznawca-twardowski.pl\/#\/schema\/logo\/image\/\",\"url\":\"https:\/\/rzeczoznawca-twardowski.pl\/wp-content\/uploads\/2025\/04\/Untitled250.png\",\"contentUrl\":\"https:\/\/rzeczoznawca-twardowski.pl\/wp-content\/uploads\/2025\/04\/Untitled250.png\",\"width\":240,\"height\":77,\"caption\":\"CERTYFIKOWANY RZECZOZNAWCA SAMOCHODOWY\"},\"image\":{\"@id\":\"https:\/\/rzeczoznawca-twardowski.pl\/#\/schema\/logo\/image\/\"}}]}<\/script>\n<!-- \/ Yoast SEO plugin. -->","yoast_head_json":{"title":"Sprawdzenie samochodu przed zakupem - CERTYFIKOWANY RZECZOZNAWCA SAMOCHODOWY","robots":{"index":"index","follow":"follow","max-snippet":"max-snippet:-1","max-image-preview":"max-image-preview:large","max-video-preview":"max-video-preview:-1"},"canonical":"https:\/\/rzeczoznawca-twardowski.pl\/?page_id=77","og_locale":"pl_PL","og_type":"article","og_title":"Sprawdzenie samochodu przed zakupem - CERTYFIKOWANY RZECZOZNAWCA SAMOCHODOWY","og_description":"Oferuj\u0119 pomoc w zakupie u\u017cywanego albo nowego samochodu oraz jego dok\u0142adne sprawdzenie przed zakupem przez niezale\u017cnego licencjonowanego Rzeczoznawc\u0119 Samochodowego. Zakres sprawdzenia ustalany jest indywidualnie z klientem.&nbsp; Je\u017celi ogl\u0119dziny odbywaj\u0105 si\u0119 bez udzia\u0142u klienta, po ich wykonaniu przesy\u0142ana jest ca\u0142a dokumentacja zdj\u0119ciowa i techniczna, wraz z opisem stanu technicznego pojazdu. Sprawdzenie zakupowe obejmuje:","og_url":"https:\/\/rzeczoznawca-twardowski.pl\/?page_id=77","og_site_name":"CERTYFIKOWANY RZECZOZNAWCA SAMOCHODOWY","article_modified_time":"2025-04-27T23:34:47+00:00","twitter_card":"summary_large_image","twitter_misc":{"Szacowany czas czytania":"1 minuta"},"schema":{"@context":"https:\/\/schema.org","@graph":[{"@type":"WebPage","@id":"https:\/\/rzeczoznawca-twardowski.pl\/?page_id=77","url":"https:\/\/rzeczoznawca-twardowski.pl\/?page_id=77","name":"Sprawdzenie samochodu przed zakupem - CERTYFIKOWANY RZECZOZNAWCA SAMOCHODOWY","isPartOf":{"@id":"https:\/\/rzeczoznawca-twardowski.pl\/#website"},"datePublished":"2025-04-23T23:58:46+00:00","dateModified":"2025-04-27T23:34:47+00:00","breadcrumb":{"@id":"https:\/\/rzeczoznawca-twardowski.pl\/?page_id=77#breadcrumb"},"inLanguage":"pl-PL","potentialAction":[{"@type":"ReadAction","target":["https:\/\/rzeczoznawca-twardowski.pl\/?page_id=77"]}]},{"@type":"BreadcrumbList","@id":"https:\/\/rzeczoznawca-twardowski.pl\/?page_id=77#breadcrumb","itemListElement":[{"@type":"ListItem","position":1,"name":"Home","item":"https:\/\/rzeczoznawca-twardowski.pl\/"},{"@type":"ListItem","position":2,"name":"Sprawdzenie samochodu przed zakupem"}]},{"@type":"WebSite","@id":"https:\/\/rzeczoznawca-twardowski.pl\/#website","url":"https:\/\/rzeczoznawca-twardowski.pl\/","name":"Waldemar Twardowski","description":"Waldemar Twardowski","publisher":{"@id":"https:\/\/rzeczoznawca-twardowski.pl\/#organization"},"potentialAction":[{"@type":"SearchAction","target":{"@type":"EntryPoint","urlTemplate":"https:\/\/rzeczoznawca-twardowski.pl\/?s={search_term_string}"},"query-input":{"@type":"PropertyValueSpecification","valueRequired":true,"valueName":"search_term_string"}}],"inLanguage":"pl-PL"},{"@type":"Organization","@id":"https:\/\/rzeczoznawca-twardowski.pl\/#organization","name":"CERTYFIKOWANY RZECZOZNAWCA SAMOCHODOWY","url":"https:\/\/rzeczoznawca-twardowski.pl\/","logo":{"@type":"ImageObject","inLanguage":"pl-PL","@id":"https:\/\/rzeczoznawca-twardowski.pl\/#\/schema\/logo\/image\/","url":"https:\/\/rzeczoznawca-twardowski.pl\/wp-content\/uploads\/2025\/04\/Untitled250.png","contentUrl":"https:\/\/rzeczoznawca-twardowski.pl\/wp-content\/uploads\/2025\/04\/Untitled250.png","width":240,"height":77,"caption":"CERTYFIKOWANY RZECZOZNAWCA SAMOCHODOWY"},"image":{"@id":"https:\/\/rzeczoznawca-twardowski.pl\/#\/schema\/logo\/image\/"}}]}},"_links":{"self":[{"href":"https:\/\/rzeczoznawca-twardowski.pl\/index.php?rest_route=\/wp\/v2\/pages\/77","targetHints":{"allow":["GET"]}}],"collection":[{"href":"https:\/\/rzeczoznawca-twardowski.pl\/index.php?rest_route=\/wp\/v2\/pages"}],"about":[{"href":"https:\/\/rzeczoznawca-twardowski.pl\/index.php?rest_route=\/wp\/v2\/types\/page"}],"author":[{"embeddable":true,"href":"https:\/\/rzeczoznawca-twardowski.pl\/index.php?rest_route=\/wp\/v2\/users\/1"}],"replies":[{"embeddable":true,"href":"https:\/\/rzeczoznawca-twardowski.pl\/index.php?rest_route=%2Fwp%2Fv2%2Fcomments&post=77"}],"version-history":[{"count":2,"href":"https:\/\/rzeczoznawca-twardowski.pl\/index.php?rest_route=\/wp\/v2\/pages\/77\/revisions"}],"predecessor-version":[{"id":118,"href":"https:\/\/rzeczoznawca-twardowski.pl\/index.php?rest_route=\/wp\/v2\/pages\/77\/revisions\/118"}],"wp:attachment":[{"href":"https:\/\/rzeczoznawca-twardowski.pl\/index.php?rest_route=%2Fwp%2Fv2%2Fmedia&parent=77"}],"curies":[{"name":"wp","href":"https:\/\/api.w.org\/{rel}","templated":true}]}}