{"id":69,"date":"2025-04-23T21:17:35","date_gmt":"2025-04-23T19:17:35","guid":{"rendered":"http:\/\/rzeczoznawca-twardowski.pl\/?page_id=69"},"modified":"2025-04-28T20:33:45","modified_gmt":"2025-04-28T18:33:45","slug":"uslugi-rzeczoznawcy-samochodowego","status":"publish","type":"page","link":"https:\/\/rzeczoznawca-twardowski.pl\/?page_id=69","title":{"rendered":"Us\u0142ugi"},"content":{"rendered":"\n<p><a href=\"https:\/\/rzeczoznawca-twardowski.pl\/?page_id=58\">Wycena warto\u015bci pojazdu<\/a><\/p>\n\n\n\n<p><a href=\"https:\/\/rzeczoznawca-twardowski.pl\/?page_id=65\">Kosztorysy<\/a><\/p>\n\n\n\n<p><a href=\"https:\/\/rzeczoznawca-twardowski.pl\/?page_id=122\">Ocena jako\u015bci naprawy pojazdu<\/a><\/p>\n\n\n\n<p><a href=\"https:\/\/rzeczoznawca-twardowski.pl\/?page_id=79\">Pojazdy zabytkowe<\/a><\/p>\n\n\n\n<p><a href=\"https:\/\/rzeczoznawca-twardowski.pl\/?page_id=75\">Wyceny dla urz\u0119d\u00f3w celno-skarbowych<\/a><\/p>\n\n\n\n<p><a href=\"https:\/\/rzeczoznawca-twardowski.pl\/?page_id=77\">Sprawdzenie samochodu przed zakupem<\/a><\/p>\n\n\n\n<p><a href=\"https:\/\/rzeczoznawca-twardowski.pl\/?page_id=81\">Zmiany Konstrukcyjne<br><\/a><a href=\"https:\/\/rzeczoznawca-twardowski.pl\/?page_id=73\"><br><br><\/a><\/p>\n","protected":false},"excerpt":{"rendered":"<p>Wycena warto\u015bci pojazdu Kosztorysy Ocena jako\u015bci naprawy pojazdu Pojazdy zabytkowe Wyceny dla urz\u0119d\u00f3w celno-skarbowych Sprawdzenie samochodu przed zakupem Zmiany Konstrukcyjne<\/p>\n","protected":false},"author":1,"featured_media":0,"parent":0,"menu_order":0,"comment_status":"closed","ping_status":"closed","template":"","meta":{"footnotes":""},"class_list":["post-69","page","type-page","status-publish","hentry"],"yoast_head":"<!-- This site is optimized with the Yoast SEO plugin v24.9 - https:\/\/yoast.com\/wordpress\/plugins\/seo\/ -->\n<title>Us\u0142ugi - CERTYFIKOWANY RZECZOZNAWCA SAMOCHODOWY<\/title>\n<meta name=\"description\" content=\"Us\u0142ugi bieg\u0142ego rzeczoznawcy samochodowego, pojazdy zabytkowe, wyceny warto\u015bci pojazd\u00f3w, wycena koszt\u00f3w naprawy, zmiany konstrukcyjne, wyceny celno-skarbowe,\" \/>\n<meta name=\"robots\" content=\"index, follow, max-snippet:-1, max-image-preview:large, max-video-preview:-1\" \/>\n<link rel=\"canonical\" href=\"https:\/\/rzeczoznawca-twardowski.pl\/?page_id=69\" \/>\n<meta property=\"og:locale\" content=\"pl_PL\" \/>\n<meta property=\"og:type\" content=\"article\" \/>\n<meta property=\"og:title\" content=\"Us\u0142ugi - CERTYFIKOWANY RZECZOZNAWCA SAMOCHODOWY\" \/>\n<meta property=\"og:description\" content=\"Us\u0142ugi bieg\u0142ego rzeczoznawcy samochodowego, pojazdy zabytkowe, wyceny warto\u015bci pojazd\u00f3w, wycena koszt\u00f3w naprawy, zmiany konstrukcyjne, wyceny celno-skarbowe,\" \/>\n<meta property=\"og:url\" content=\"https:\/\/rzeczoznawca-twardowski.pl\/?page_id=69\" \/>\n<meta property=\"og:site_name\" content=\"CERTYFIKOWANY RZECZOZNAWCA SAMOCHODOWY\" \/>\n<meta property=\"article:modified_time\" content=\"2025-04-28T18:33:45+00:00\" \/>\n<meta name=\"twitter:card\" content=\"summary_large_image\" \/>\n<meta name=\"twitter:label1\" content=\"Szacowany czas czytania\" \/>\n\t<meta name=\"twitter:data1\" content=\"1 minuta\" \/>\n<script type=\"application\/ld+json\" class=\"yoast-schema-graph\">{\"@context\":\"https:\/\/schema.org\",\"@graph\":[{\"@type\":\"WebPage\",\"@id\":\"https:\/\/rzeczoznawca-twardowski.pl\/?page_id=69\",\"url\":\"https:\/\/rzeczoznawca-twardowski.pl\/?page_id=69\",\"name\":\"Us\u0142ugi - CERTYFIKOWANY RZECZOZNAWCA SAMOCHODOWY\",\"isPartOf\":{\"@id\":\"https:\/\/rzeczoznawca-twardowski.pl\/#website\"},\"datePublished\":\"2025-04-23T19:17:35+00:00\",\"dateModified\":\"2025-04-28T18:33:45+00:00\",\"description\":\"Us\u0142ugi bieg\u0142ego rzeczoznawcy samochodowego, pojazdy zabytkowe, wyceny warto\u015bci pojazd\u00f3w, wycena koszt\u00f3w naprawy, zmiany konstrukcyjne, wyceny celno-skarbowe,\",\"breadcrumb\":{\"@id\":\"https:\/\/rzeczoznawca-twardowski.pl\/?page_id=69#breadcrumb\"},\"inLanguage\":\"pl-PL\",\"potentialAction\":[{\"@type\":\"ReadAction\",\"target\":[\"https:\/\/rzeczoznawca-twardowski.pl\/?page_id=69\"]}]},{\"@type\":\"BreadcrumbList\",\"@id\":\"https:\/\/rzeczoznawca-twardowski.pl\/?page_id=69#breadcrumb\",\"itemListElement\":[{\"@type\":\"ListItem\",\"position\":1,\"name\":\"Home\",\"item\":\"https:\/\/rzeczoznawca-twardowski.pl\/\"},{\"@type\":\"ListItem\",\"position\":2,\"name\":\"Us\u0142ugi\"}]},{\"@type\":\"WebSite\",\"@id\":\"https:\/\/rzeczoznawca-twardowski.pl\/#website\",\"url\":\"https:\/\/rzeczoznawca-twardowski.pl\/\",\"name\":\"Waldemar Twardowski\",\"description\":\"Waldemar Twardowski\",\"publisher\":{\"@id\":\"https:\/\/rzeczoznawca-twardowski.pl\/#organization\"},\"potentialAction\":[{\"@type\":\"SearchAction\",\"target\":{\"@type\":\"EntryPoint\",\"urlTemplate\":\"https:\/\/rzeczoznawca-twardowski.pl\/?s={search_term_string}\"},\"query-input\":{\"@type\":\"PropertyValueSpecification\",\"valueRequired\":true,\"valueName\":\"search_term_string\"}}],\"inLanguage\":\"pl-PL\"},{\"@type\":\"Organization\",\"@id\":\"https:\/\/rzeczoznawca-twardowski.pl\/#organization\",\"name\":\"CERTYFIKOWANY RZECZOZNAWCA SAMOCHODOWY\",\"url\":\"https:\/\/rzeczoznawca-twardowski.pl\/\",\"logo\":{\"@type\":\"ImageObject\",\"inLanguage\":\"pl-PL\",\"@id\":\"https:\/\/rzeczoznawca-twardowski.pl\/#\/schema\/logo\/image\/\",\"url\":\"https:\/\/rzeczoznawca-twardowski.pl\/wp-content\/uploads\/2025\/04\/Untitled250.png\",\"contentUrl\":\"https:\/\/rzeczoznawca-twardowski.pl\/wp-content\/uploads\/2025\/04\/Untitled250.png\",\"width\":240,\"height\":77,\"caption\":\"CERTYFIKOWANY RZECZOZNAWCA SAMOCHODOWY\"},\"image\":{\"@id\":\"https:\/\/rzeczoznawca-twardowski.pl\/#\/schema\/logo\/image\/\"}}]}<\/script>\n<!-- \/ Yoast SEO plugin. -->","yoast_head_json":{"title":"Us\u0142ugi - CERTYFIKOWANY RZECZOZNAWCA SAMOCHODOWY","description":"Us\u0142ugi bieg\u0142ego rzeczoznawcy samochodowego, pojazdy zabytkowe, wyceny warto\u015bci pojazd\u00f3w, wycena koszt\u00f3w naprawy, zmiany konstrukcyjne, wyceny celno-skarbowe,","robots":{"index":"index","follow":"follow","max-snippet":"max-snippet:-1","max-image-preview":"max-image-preview:large","max-video-preview":"max-video-preview:-1"},"canonical":"https:\/\/rzeczoznawca-twardowski.pl\/?page_id=69","og_locale":"pl_PL","og_type":"article","og_title":"Us\u0142ugi - CERTYFIKOWANY RZECZOZNAWCA SAMOCHODOWY","og_description":"Us\u0142ugi bieg\u0142ego rzeczoznawcy samochodowego, pojazdy zabytkowe, wyceny warto\u015bci pojazd\u00f3w, wycena koszt\u00f3w naprawy, zmiany konstrukcyjne, wyceny celno-skarbowe,","og_url":"https:\/\/rzeczoznawca-twardowski.pl\/?page_id=69","og_site_name":"CERTYFIKOWANY RZECZOZNAWCA SAMOCHODOWY","article_modified_time":"2025-04-28T18:33:45+00:00","twitter_card":"summary_large_image","twitter_misc":{"Szacowany czas czytania":"1 minuta"},"schema":{"@context":"https:\/\/schema.org","@graph":[{"@type":"WebPage","@id":"https:\/\/rzeczoznawca-twardowski.pl\/?page_id=69","url":"https:\/\/rzeczoznawca-twardowski.pl\/?page_id=69","name":"Us\u0142ugi - CERTYFIKOWANY RZECZOZNAWCA SAMOCHODOWY","isPartOf":{"@id":"https:\/\/rzeczoznawca-twardowski.pl\/#website"},"datePublished":"2025-04-23T19:17:35+00:00","dateModified":"2025-04-28T18:33:45+00:00","description":"Us\u0142ugi bieg\u0142ego rzeczoznawcy samochodowego, pojazdy zabytkowe, wyceny warto\u015bci pojazd\u00f3w, wycena koszt\u00f3w naprawy, zmiany konstrukcyjne, wyceny celno-skarbowe,","breadcrumb":{"@id":"https:\/\/rzeczoznawca-twardowski.pl\/?page_id=69#breadcrumb"},"inLanguage":"pl-PL","potentialAction":[{"@type":"ReadAction","target":["https:\/\/rzeczoznawca-twardowski.pl\/?page_id=69"]}]},{"@type":"BreadcrumbList","@id":"https:\/\/rzeczoznawca-twardowski.pl\/?page_id=69#breadcrumb","itemListElement":[{"@type":"ListItem","position":1,"name":"Home","item":"https:\/\/rzeczoznawca-twardowski.pl\/"},{"@type":"ListItem","position":2,"name":"Us\u0142ugi"}]},{"@type":"WebSite","@id":"https:\/\/rzeczoznawca-twardowski.pl\/#website","url":"https:\/\/rzeczoznawca-twardowski.pl\/","name":"Waldemar Twardowski","description":"Waldemar Twardowski","publisher":{"@id":"https:\/\/rzeczoznawca-twardowski.pl\/#organization"},"potentialAction":[{"@type":"SearchAction","target":{"@type":"EntryPoint","urlTemplate":"https:\/\/rzeczoznawca-twardowski.pl\/?s={search_term_string}"},"query-input":{"@type":"PropertyValueSpecification","valueRequired":true,"valueName":"search_term_string"}}],"inLanguage":"pl-PL"},{"@type":"Organization","@id":"https:\/\/rzeczoznawca-twardowski.pl\/#organization","name":"CERTYFIKOWANY RZECZOZNAWCA SAMOCHODOWY","url":"https:\/\/rzeczoznawca-twardowski.pl\/","logo":{"@type":"ImageObject","inLanguage":"pl-PL","@id":"https:\/\/rzeczoznawca-twardowski.pl\/#\/schema\/logo\/image\/","url":"https:\/\/rzeczoznawca-twardowski.pl\/wp-content\/uploads\/2025\/04\/Untitled250.png","contentUrl":"https:\/\/rzeczoznawca-twardowski.pl\/wp-content\/uploads\/2025\/04\/Untitled250.png","width":240,"height":77,"caption":"CERTYFIKOWANY RZECZOZNAWCA SAMOCHODOWY"},"image":{"@id":"https:\/\/rzeczoznawca-twardowski.pl\/#\/schema\/logo\/image\/"}}]}},"_links":{"self":[{"href":"https:\/\/rzeczoznawca-twardowski.pl\/index.php?rest_route=\/wp\/v2\/pages\/69","targetHints":{"allow":["GET"]}}],"collection":[{"href":"https:\/\/rzeczoznawca-twardowski.pl\/index.php?rest_route=\/wp\/v2\/pages"}],"about":[{"href":"https:\/\/rzeczoznawca-twardowski.pl\/index.php?rest_route=\/wp\/v2\/types\/page"}],"author":[{"embeddable":true,"href":"https:\/\/rzeczoznawca-twardowski.pl\/index.php?rest_route=\/wp\/v2\/users\/1"}],"replies":[{"embeddable":true,"href":"https:\/\/rzeczoznawca-twardowski.pl\/index.php?rest_route=%2Fwp%2Fv2%2Fcomments&post=69"}],"version-history":[{"count":3,"href":"https:\/\/rzeczoznawca-twardowski.pl\/index.php?rest_route=\/wp\/v2\/pages\/69\/revisions"}],"predecessor-version":[{"id":130,"href":"https:\/\/rzeczoznawca-twardowski.pl\/index.php?rest_route=\/wp\/v2\/pages\/69\/revisions\/130"}],"wp:attachment":[{"href":"https:\/\/rzeczoznawca-twardowski.pl\/index.php?rest_route=%2Fwp%2Fv2%2Fmedia&parent=69"}],"curies":[{"name":"wp","href":"https:\/\/api.w.org\/{rel}","templated":true}]}}